{"id":1870,"date":"2025-06-03T09:25:41","date_gmt":"2025-06-03T09:25:41","guid":{"rendered":"https:\/\/www.cnnt.ro\/?page_id=1870"},"modified":"2025-06-06T09:54:34","modified_gmt":"2025-06-06T09:54:34","slug":"resurse-educationale-cadre-didactice","status":"publish","type":"page","link":"https:\/\/www.cnnt.ro\/?page_id=1870","title":{"rendered":"RESURSE EDUCA\u021aIONALE-CADRE DIDACTICE"},"content":{"rendered":"\t\t<div data-elementor-type=\"wp-page\" data-elementor-id=\"1870\" class=\"elementor elementor-1870\">\n\t\t\t\t\t\t<section class=\"elementor-section elementor-top-section elementor-element elementor-element-bc223b3 elementor-section-boxed elementor-section-height-default elementor-section-height-default\" data-id=\"bc223b3\" data-element_type=\"section\">\n\t\t\t\t\t\t<div class=\"elementor-container elementor-column-gap-default\">\n\t\t\t\t\t<div class=\"elementor-column elementor-col-100 elementor-top-column elementor-element elementor-element-185659b\" data-id=\"185659b\" data-element_type=\"column\">\n\t\t\t<div class=\"elementor-widget-wrap elementor-element-populated\">\n\t\t\t\t\t\t<div class=\"elementor-element elementor-element-92ea90e elementor-widget elementor-widget-text-editor\" data-id=\"92ea90e\" data-element_type=\"widget\" data-widget_type=\"text-editor.default\">\n\t\t\t\t<div class=\"elementor-widget-container\">\n\t\t\t\t\t\t\t\t\t<p>\u00a0<\/p><p>\u00a0<\/p><p><strong><span style=\"color: #0000ff;\">MATEMATIC\u0102:<\/span><\/strong><\/p><p><a href=\"https:\/\/www.cnnt.ro\/wp-content\/uploads\/2025\/06\/LEGI-DE-COMPOZITIE-RED.pdf\"><strong><span style=\"color: #0000ff;\">LEGI DE COMPOZI\u021aIE &#8211; RED<\/span><\/strong><\/a><strong><span style=\"color: #0000ff;\">.pdf (prof. Mihai C\u0103lug\u0103ru)<\/span><\/strong><\/p><p><a href=\"https:\/\/www.cnnt.ro\/wp-content\/uploads\/2025\/06\/Polinoame-1-RED.pdf\"><span style=\"color: #0000ff;\"><strong>POLINOAME 1 &#8211; RED<\/strong><\/span><\/a><span style=\"color: #0000ff;\"><strong>.pdf (prof. Mihai C\u0103lug\u0103ru)<\/strong><\/span><\/p><p><strong><span style=\"color: #0000ff;\"><a style=\"color: #0000ff;\" href=\"https:\/\/www.cnnt.ro\/wp-content\/uploads\/2025\/06\/Polinoame-2-RED.pdf\">POLINOAME 2 &#8211; RED.pdf (prof. Mihai C\u0103lug\u0103ru)<\/a><\/span><\/strong><\/p><p><strong><span style=\"color: #0000ff;\"><a style=\"color: #0000ff;\" href=\"https:\/\/www.cnnt.ro\/wp-content\/uploads\/2025\/06\/Simulare-Titulescu-2025-RED.pdf\">Simulare \u201eN. Titulescu\u201d 2025 &#8211; RED.pdf (prof. Mihai C\u0103lug\u0103ru)<\/a><\/span><\/strong><\/p>\t\t\t\t\t\t\t\t<\/div>\n\t\t\t\t<\/div>\n\t\t\t\t\t<\/div>\n\t\t<\/div>\n\t\t\t\t\t<\/div>\n\t\t<\/section>\n\t\t\t\t<\/div>\n\t\t","protected":false},"excerpt":{"rendered":"<p>\u00a0 \u00a0 MATEMATIC\u0102: LEGI DE COMPOZI\u021aIE &#8211; RED.pdf (prof. Mihai C\u0103lug\u0103ru) POLINOAME 1 &#8211; RED.pdf (prof. Mihai C\u0103lug\u0103ru) POLINOAME 2 &#8211; RED.pdf (prof. Mihai C\u0103lug\u0103ru) Simulare \u201eN. Titulescu\u201d 2025 &#8211; RED.pdf (prof. Mihai C\u0103lug\u0103ru)<\/p>\n","protected":false},"author":1,"featured_media":0,"parent":0,"menu_order":0,"comment_status":"closed","ping_status":"closed","template":"","meta":{"footnotes":""},"_links":{"self":[{"href":"https:\/\/www.cnnt.ro\/index.php?rest_route=\/wp\/v2\/pages\/1870"}],"collection":[{"href":"https:\/\/www.cnnt.ro\/index.php?rest_route=\/wp\/v2\/pages"}],"about":[{"href":"https:\/\/www.cnnt.ro\/index.php?rest_route=\/wp\/v2\/types\/page"}],"author":[{"embeddable":true,"href":"https:\/\/www.cnnt.ro\/index.php?rest_route=\/wp\/v2\/users\/1"}],"replies":[{"embeddable":true,"href":"https:\/\/www.cnnt.ro\/index.php?rest_route=%2Fwp%2Fv2%2Fcomments&post=1870"}],"version-history":[{"count":13,"href":"https:\/\/www.cnnt.ro\/index.php?rest_route=\/wp\/v2\/pages\/1870\/revisions"}],"predecessor-version":[{"id":1888,"href":"https:\/\/www.cnnt.ro\/index.php?rest_route=\/wp\/v2\/pages\/1870\/revisions\/1888"}],"wp:attachment":[{"href":"https:\/\/www.cnnt.ro\/index.php?rest_route=%2Fwp%2Fv2%2Fmedia&parent=1870"}],"curies":[{"name":"wp","href":"https:\/\/api.w.org\/{rel}","templated":true}]}}